{"id":105,"date":"2025-02-12T00:02:45","date_gmt":"2025-02-12T00:02:45","guid":{"rendered":"https:\/\/dentalexpertcluj.ro\/site\/?page_id=105"},"modified":"2025-08-05T14:56:03","modified_gmt":"2025-08-05T14:56:03","slug":"desprenoi","status":"publish","type":"page","link":"https:\/\/dentalexpertcluj.ro\/site\/","title":{"rendered":"Despre noi"},"content":{"rendered":"\n<p>Dental Expert este un cabinet stomatologic care ofer\u0103 servicii de stomatologie general\u0103 pentru adul\u021bi \u0219i copii, ortodon\u021bie \u0219i ortopedie dento-facial\u0103, implantologie, chirurgie dento-alveolar\u0103, parodontologie, endodon\u021bie, protetic\u0103, profilaxie, pedodon\u021bie. Oferim servicii pentru \u00eentreaga familie: igieniz\u0103ri, tratamente ortodontice cu aparate fixe \u0219i mobile, albiri, obtura\u021bii, tratamente endodontice, parodontale, coroane dentare, pun\u021bi si protetica pe implante.<\/p>\n\n\n\n<p>De aproape 20 de de ani, medicii no\u0219tri s-au preocupat sa le asigure pacien\u021bilor cele mai noi materiale si cele mai moderne tehnici pentru a le conferi z\u00e2mbetului pe care \u00eel doresc.<\/p>\n\n\n\n<p>\u00cen plus fat\u0103 de stomatologie general\u0103, cabinetul nostru este specializat \u00een domeniul ortodon\u021biei; astfel copiii, adolescen\u021bii, c\u00e2t si adul\u021bii pot beneficia de tratamente cu aparate dentare sub acela\u0219i \u201cacoperi\u0219\u201d.<\/p>\n\n\n\n<p>Specializ\u0103ri: stomatologie general\u0103 pentru adul\u021bi \u0219i copii, ortodon\u021bie \u0219i ortopedie dento-facial\u0103, implantologie, chirurgie dento-alveolar\u0103, parodontologie, endodon\u021bie, protetic\u0103, profilaxie, pedodon\u021bie<\/p>\n\n\n\n<hr class=\"wp-block-separator has-text-color has-primary-color has-alpha-channel-opacity has-primary-background-color has-background is-style-wide\" style=\"margin-top:var(--wp--preset--spacing--50);margin-bottom:var(--wp--preset--spacing--50)\"\/>\n\n\n\n<p class=\"has-large-font-size\">Program\u0103ri<\/p>\n\n\n\n<p>Program\u0103rile se fac telefonic (la num\u0103rul de telefon din antet), nominal, in func\u021bie de necesit\u0103\u021bile pacien\u021bilor \u0219i posibilit\u0103\u021bile cabinetului.<\/p>\n\n\n\n<p>Problemele fiec\u0103ruia dintre pacien\u021bii no\u0219tri sunt acelea\u0219i ca importan\u021b\u0103, dificultatea si complexitatea manoperelor stomatologice sunt \u00eens\u0103 diferite, timpul alocat fiec\u0103rei program\u0103ri fiind greu de estimat. \u00cen acest context apel\u0103m la \u00een\u021belegerea dumneavoastr\u0103 in cazul unor decalaje.<\/p>\n\n\n\n<p><em>Pacien\u021bii primi\u021bi in regim de urgen\u021b\u0103<\/em>&nbsp;sunt ruga\u021bi s\u0103 a\u0219tepte p\u00e2n\u0103 \u00een momentul in care apare posibilitatea de a fi consulta\u021bi, pacien\u021bii programa\u021bi av\u00e2nd prioritate.<\/p>\n\n\n\n<p>V\u0103 rug\u0103m s\u0103 ne comunica\u021bi anularea unei program\u0103ri cu&nbsp;<em>minim 24 ore \u00eenainte.<\/em><\/p>\n\n\n\n<p>V\u0103  rug\u0103m s\u0103 \u00een\u021belege\u021bi prin acest demers dorin\u021ba noastr\u0103 de a asigura un serviciu de calitate d\u00e2nd astfel posibilitatea altor pacien\u021bi de a beneficia de timpul alocat program\u0103rii dumneavoastr\u0103.<\/p>\n\n\n\n<p><\/p>\n","protected":false},"excerpt":{"rendered":"<p>Dental Expert este un cabinet stomatologic care ofer\u0103 servicii de stomatologie general\u0103 pentru adul\u021bi \u0219i copii, ortodon\u021bie \u0219i ortopedie dento-facial\u0103, implantologie, chirurgie dento-alveolar\u0103, parodontologie, endodon\u021bie, protetic\u0103, profilaxie, pedodon\u021bie. Oferim servicii pentru \u00eentreaga familie: igieniz\u0103ri, tratamente ortodontice cu aparate fixe \u0219i mobile, albiri, obtura\u021bii, tratamente endodontice, parodontale, coroane dentare, pun\u021bi si protetica pe implante. De aproape [&hellip;]<\/p>\n","protected":false},"author":1,"featured_media":0,"parent":0,"menu_order":0,"comment_status":"closed","ping_status":"closed","template":"","meta":{"footnotes":""},"class_list":["post-105","page","type-page","status-publish","hentry"],"_links":{"self":[{"href":"https:\/\/dentalexpertcluj.ro\/site\/wp-json\/wp\/v2\/pages\/105","targetHints":{"allow":["GET"]}}],"collection":[{"href":"https:\/\/dentalexpertcluj.ro\/site\/wp-json\/wp\/v2\/pages"}],"about":[{"href":"https:\/\/dentalexpertcluj.ro\/site\/wp-json\/wp\/v2\/types\/page"}],"author":[{"embeddable":true,"href":"https:\/\/dentalexpertcluj.ro\/site\/wp-json\/wp\/v2\/users\/1"}],"replies":[{"embeddable":true,"href":"https:\/\/dentalexpertcluj.ro\/site\/wp-json\/wp\/v2\/comments?post=105"}],"version-history":[{"count":18,"href":"https:\/\/dentalexpertcluj.ro\/site\/wp-json\/wp\/v2\/pages\/105\/revisions"}],"predecessor-version":[{"id":728,"href":"https:\/\/dentalexpertcluj.ro\/site\/wp-json\/wp\/v2\/pages\/105\/revisions\/728"}],"wp:attachment":[{"href":"https:\/\/dentalexpertcluj.ro\/site\/wp-json\/wp\/v2\/media?parent=105"}],"curies":[{"name":"wp","href":"https:\/\/api.w.org\/{rel}","templated":true}]}}